{"id":6357,"date":"2025-05-22T17:11:27","date_gmt":"2025-05-22T15:11:27","guid":{"rendered":"https:\/\/sender-liste.de\/tv-test\/?page_id=6357"},"modified":"2025-05-22T17:16:34","modified_gmt":"2025-05-22T15:16:34","slug":"senderlisten-download","status":"publish","type":"page","link":"https:\/\/sender-liste.de\/tv-test\/senderlisten-download\/","title":{"rendered":"Senderlisten-Download"},"content":{"rendered":"\t\t<div data-elementor-type=\"wp-page\" data-elementor-id=\"6357\" class=\"elementor elementor-6357\">\n\t\t\t\t\t\t<section class=\"elementor-section elementor-top-section elementor-element elementor-element-c949cfd elementor-section-boxed elementor-section-height-default elementor-section-height-default xts-section-disabled\" data-id=\"c949cfd\" data-element_type=\"section\" data-e-type=\"section\">\n\t\t\t\t\t\t<div class=\"elementor-container elementor-column-gap-default\">\n\t\t\t\t\t<div class=\"elementor-column elementor-col-100 elementor-top-column elementor-element elementor-element-738845d6\" data-id=\"738845d6\" data-element_type=\"column\" data-e-type=\"column\">\n\t\t\t<div class=\"elementor-widget-wrap elementor-element-populated\">\n\t\t\t\t\t\t<div class=\"elementor-element elementor-element-6eb982db xts-scheme-inherit xts-textalign-inherit elementor-widget elementor-widget-text-editor\" data-id=\"6eb982db\" data-element_type=\"widget\" data-e-type=\"widget\" data-widget_type=\"text-editor.default\">\n\t\t\t\t<div class=\"elementor-widget-container\">\n\t\t\t\t\t\t\t\t\t\n<p>Wir haben f\u00fcr alle g\u00e4ngigen TV-Modelle Senderlisten zum Downloaden auf einen USB-Stick. \u00dcber den USB-Stick k\u00f6nnen Sie dann eine sinnvoll vorsortierte Senderliste mit allen aktuellen Sendern auf ihr TV Ger\u00e4t spielen. F\u00fcr den Download m\u00fcssen Sie einem Desktop oder einem Laptop benutzen. Vom Handy k\u00f6nnen Sie sich die Liste via Email auf den Laptop bzw. Des<\/p>\n\t\t\t\t\t\t\t\t<\/div>\n\t\t\t\t<\/div>\n\t\t\t\t\t<\/div>\n\t\t<\/div>\n\t\t\t\t\t<\/div>\n\t\t<\/section>\n\t\t\t\t<section class=\"elementor-section elementor-top-section elementor-element elementor-element-0f509ec elementor-section-boxed elementor-section-height-default elementor-section-height-default xts-section-disabled\" data-id=\"0f509ec\" data-element_type=\"section\" data-e-type=\"section\">\n\t\t\t\t\t\t<div class=\"elementor-container elementor-column-gap-default\">\n\t\t\t\t\t<div class=\"elementor-column elementor-col-100 elementor-top-column elementor-element elementor-element-347d38d\" data-id=\"347d38d\" data-element_type=\"column\" data-e-type=\"column\">\n\t\t\t<div class=\"elementor-widget-wrap elementor-element-populated\">\n\t\t\t\t\t\t<div class=\"elementor-element elementor-element-f411824 elementor-widget elementor-widget-xts_button\" data-id=\"f411824\" data-element_type=\"widget\" data-e-type=\"widget\" data-widget_type=\"xts_button.default\">\n\t\t\t\t<div class=\"elementor-widget-container\">\n\t\t\t\t\t\t\t\t<div class=\"xts-button-wrapper xts-textalign-left\" >\n\t\t\t\t\t\t\t\t\t<a class=\"xts-button xts-size-m xts-style-default xts-color-primary xts-shape-rectangle\"  href=\"https:\/\/sender-liste.de\/\">\n\t\t\t\t\t\t<span class=\"xts-button-text\" data-elementor-setting-key=\"button_text\">\n\t\t\t\t\t\t\tHier gehts zur Senderliste-Download-Seite\t\t\t\t\t\t<\/span>\n\n\t\t\t\t\t\t\t\t\t\t\t<\/a>\n\t\t\t\t\t\t\t<\/div>\n\t\t\t\t\t\t<\/div>\n\t\t\t\t<\/div>\n\t\t\t\t\t<\/div>\n\t\t<\/div>\n\t\t\t\t\t<\/div>\n\t\t<\/section>\n\t\t\t\t<\/div>\n\t\t","protected":false},"excerpt":{"rendered":"<p>Wir haben f\u00fcr alle g\u00e4ngigen TV-Modelle Senderlisten zum Downloaden auf einen USB-Stick. \u00dcber den USB-Stick k\u00f6nnen Sie dann eine sinnvoll vorsortierte Senderliste mit allen aktuellen Sendern auf ihr TV Ger\u00e4t spielen. F\u00fcr den Download m\u00fcssen Sie einem Desktop oder einem Laptop benutzen. Vom Handy k\u00f6nnen Sie sich die Liste via Email auf den Laptop bzw. [&hellip;]<\/p>\n","protected":false},"author":1,"featured_media":0,"parent":0,"menu_order":0,"comment_status":"closed","ping_status":"closed","template":"","meta":{"footnotes":""},"class_list":["post-6357","page","type-page","status-publish","hentry"],"yoast_head":"<!-- This site is optimized with the Yoast SEO plugin v27.4 - https:\/\/yoast.com\/product\/yoast-seo-wordpress\/ -->\n<title>Senderlisten-Download - TV-Test Seite<\/title>\n<meta name=\"robots\" content=\"index, follow, max-snippet:-1, max-image-preview:large, max-video-preview:-1\" \/>\n<link rel=\"canonical\" href=\"https:\/\/sender-liste.de\/tv-test\/senderlisten-download\/\" \/>\n<meta property=\"og:locale\" content=\"de_DE\" \/>\n<meta property=\"og:type\" content=\"article\" \/>\n<meta property=\"og:title\" content=\"Senderlisten-Download - TV-Test Seite\" \/>\n<meta property=\"og:description\" content=\"Wir haben f\u00fcr alle g\u00e4ngigen TV-Modelle Senderlisten zum Downloaden auf einen USB-Stick. \u00dcber den USB-Stick k\u00f6nnen Sie dann eine sinnvoll vorsortierte Senderliste mit allen aktuellen Sendern auf ihr TV Ger\u00e4t spielen. F\u00fcr den Download m\u00fcssen Sie einem Desktop oder einem Laptop benutzen. Vom Handy k\u00f6nnen Sie sich die Liste via Email auf den Laptop bzw. [&hellip;]\" \/>\n<meta property=\"og:url\" content=\"https:\/\/sender-liste.de\/tv-test\/senderlisten-download\/\" \/>\n<meta property=\"og:site_name\" content=\"TV-Test Seite\" \/>\n<meta property=\"article:modified_time\" content=\"2025-05-22T15:16:34+00:00\" \/>\n<meta name=\"twitter:card\" content=\"summary_large_image\" \/>\n<meta name=\"twitter:label1\" content=\"Gesch\u00e4tzte Lesezeit\" \/>\n\t<meta name=\"twitter:data1\" content=\"1\u00a0Minute\" \/>\n<script type=\"application\/ld+json\" class=\"yoast-schema-graph\">{\"@context\":\"https:\\\/\\\/schema.org\",\"@graph\":[{\"@type\":\"WebPage\",\"@id\":\"https:\\\/\\\/sender-liste.de\\\/tv-test\\\/senderlisten-download\\\/\",\"url\":\"https:\\\/\\\/sender-liste.de\\\/tv-test\\\/senderlisten-download\\\/\",\"name\":\"Senderlisten-Download - TV-Test Seite\",\"isPartOf\":{\"@id\":\"https:\\\/\\\/sender-liste.de\\\/tv-test\\\/#website\"},\"datePublished\":\"2025-05-22T15:11:27+00:00\",\"dateModified\":\"2025-05-22T15:16:34+00:00\",\"breadcrumb\":{\"@id\":\"https:\\\/\\\/sender-liste.de\\\/tv-test\\\/senderlisten-download\\\/#breadcrumb\"},\"inLanguage\":\"de\",\"potentialAction\":[{\"@type\":\"ReadAction\",\"target\":[\"https:\\\/\\\/sender-liste.de\\\/tv-test\\\/senderlisten-download\\\/\"]}]},{\"@type\":\"BreadcrumbList\",\"@id\":\"https:\\\/\\\/sender-liste.de\\\/tv-test\\\/senderlisten-download\\\/#breadcrumb\",\"itemListElement\":[{\"@type\":\"ListItem\",\"position\":1,\"name\":\"Startseite\",\"item\":\"https:\\\/\\\/sender-liste.de\\\/tv-test\\\/\"},{\"@type\":\"ListItem\",\"position\":2,\"name\":\"Senderlisten-Download\"}]},{\"@type\":\"WebSite\",\"@id\":\"https:\\\/\\\/sender-liste.de\\\/tv-test\\\/#website\",\"url\":\"https:\\\/\\\/sender-liste.de\\\/tv-test\\\/\",\"name\":\"TV-Test Seite\",\"description\":\"Sender-Liste.de\",\"publisher\":{\"@id\":\"https:\\\/\\\/sender-liste.de\\\/tv-test\\\/#organization\"},\"potentialAction\":[{\"@type\":\"SearchAction\",\"target\":{\"@type\":\"EntryPoint\",\"urlTemplate\":\"https:\\\/\\\/sender-liste.de\\\/tv-test\\\/?s={search_term_string}\"},\"query-input\":{\"@type\":\"PropertyValueSpecification\",\"valueRequired\":true,\"valueName\":\"search_term_string\"}}],\"inLanguage\":\"de\"},{\"@type\":\"Organization\",\"@id\":\"https:\\\/\\\/sender-liste.de\\\/tv-test\\\/#organization\",\"name\":\"Digikabel\",\"url\":\"https:\\\/\\\/sender-liste.de\\\/tv-test\\\/\",\"logo\":{\"@type\":\"ImageObject\",\"inLanguage\":\"de\",\"@id\":\"https:\\\/\\\/sender-liste.de\\\/tv-test\\\/#\\\/schema\\\/logo\\\/image\\\/\",\"url\":\"https:\\\/\\\/digikabel.at\\\/wp-content\\\/uploads\\\/2022\\\/04\\\/cropped-Digikabel_fin.jpg\",\"contentUrl\":\"https:\\\/\\\/digikabel.at\\\/wp-content\\\/uploads\\\/2022\\\/04\\\/cropped-Digikabel_fin.jpg\",\"width\":512,\"height\":512,\"caption\":\"Digikabel\"},\"image\":{\"@id\":\"https:\\\/\\\/sender-liste.de\\\/tv-test\\\/#\\\/schema\\\/logo\\\/image\\\/\"}}]}<\/script>\n<!-- \/ Yoast SEO plugin. -->","yoast_head_json":{"title":"Senderlisten-Download - TV-Test Seite","robots":{"index":"index","follow":"follow","max-snippet":"max-snippet:-1","max-image-preview":"max-image-preview:large","max-video-preview":"max-video-preview:-1"},"canonical":"https:\/\/sender-liste.de\/tv-test\/senderlisten-download\/","og_locale":"de_DE","og_type":"article","og_title":"Senderlisten-Download - TV-Test Seite","og_description":"Wir haben f\u00fcr alle g\u00e4ngigen TV-Modelle Senderlisten zum Downloaden auf einen USB-Stick. \u00dcber den USB-Stick k\u00f6nnen Sie dann eine sinnvoll vorsortierte Senderliste mit allen aktuellen Sendern auf ihr TV Ger\u00e4t spielen. F\u00fcr den Download m\u00fcssen Sie einem Desktop oder einem Laptop benutzen. Vom Handy k\u00f6nnen Sie sich die Liste via Email auf den Laptop bzw. [&hellip;]","og_url":"https:\/\/sender-liste.de\/tv-test\/senderlisten-download\/","og_site_name":"TV-Test Seite","article_modified_time":"2025-05-22T15:16:34+00:00","twitter_card":"summary_large_image","twitter_misc":{"Gesch\u00e4tzte Lesezeit":"1\u00a0Minute"},"schema":{"@context":"https:\/\/schema.org","@graph":[{"@type":"WebPage","@id":"https:\/\/sender-liste.de\/tv-test\/senderlisten-download\/","url":"https:\/\/sender-liste.de\/tv-test\/senderlisten-download\/","name":"Senderlisten-Download - TV-Test Seite","isPartOf":{"@id":"https:\/\/sender-liste.de\/tv-test\/#website"},"datePublished":"2025-05-22T15:11:27+00:00","dateModified":"2025-05-22T15:16:34+00:00","breadcrumb":{"@id":"https:\/\/sender-liste.de\/tv-test\/senderlisten-download\/#breadcrumb"},"inLanguage":"de","potentialAction":[{"@type":"ReadAction","target":["https:\/\/sender-liste.de\/tv-test\/senderlisten-download\/"]}]},{"@type":"BreadcrumbList","@id":"https:\/\/sender-liste.de\/tv-test\/senderlisten-download\/#breadcrumb","itemListElement":[{"@type":"ListItem","position":1,"name":"Startseite","item":"https:\/\/sender-liste.de\/tv-test\/"},{"@type":"ListItem","position":2,"name":"Senderlisten-Download"}]},{"@type":"WebSite","@id":"https:\/\/sender-liste.de\/tv-test\/#website","url":"https:\/\/sender-liste.de\/tv-test\/","name":"TV-Test Seite","description":"Sender-Liste.de","publisher":{"@id":"https:\/\/sender-liste.de\/tv-test\/#organization"},"potentialAction":[{"@type":"SearchAction","target":{"@type":"EntryPoint","urlTemplate":"https:\/\/sender-liste.de\/tv-test\/?s={search_term_string}"},"query-input":{"@type":"PropertyValueSpecification","valueRequired":true,"valueName":"search_term_string"}}],"inLanguage":"de"},{"@type":"Organization","@id":"https:\/\/sender-liste.de\/tv-test\/#organization","name":"Digikabel","url":"https:\/\/sender-liste.de\/tv-test\/","logo":{"@type":"ImageObject","inLanguage":"de","@id":"https:\/\/sender-liste.de\/tv-test\/#\/schema\/logo\/image\/","url":"https:\/\/digikabel.at\/wp-content\/uploads\/2022\/04\/cropped-Digikabel_fin.jpg","contentUrl":"https:\/\/digikabel.at\/wp-content\/uploads\/2022\/04\/cropped-Digikabel_fin.jpg","width":512,"height":512,"caption":"Digikabel"},"image":{"@id":"https:\/\/sender-liste.de\/tv-test\/#\/schema\/logo\/image\/"}}]}},"jetpack_sharing_enabled":true,"_links":{"self":[{"href":"https:\/\/sender-liste.de\/tv-test\/wp-json\/wp\/v2\/pages\/6357","targetHints":{"allow":["GET"]}}],"collection":[{"href":"https:\/\/sender-liste.de\/tv-test\/wp-json\/wp\/v2\/pages"}],"about":[{"href":"https:\/\/sender-liste.de\/tv-test\/wp-json\/wp\/v2\/types\/page"}],"author":[{"embeddable":true,"href":"https:\/\/sender-liste.de\/tv-test\/wp-json\/wp\/v2\/users\/1"}],"replies":[{"embeddable":true,"href":"https:\/\/sender-liste.de\/tv-test\/wp-json\/wp\/v2\/comments?post=6357"}],"version-history":[{"count":7,"href":"https:\/\/sender-liste.de\/tv-test\/wp-json\/wp\/v2\/pages\/6357\/revisions"}],"predecessor-version":[{"id":6365,"href":"https:\/\/sender-liste.de\/tv-test\/wp-json\/wp\/v2\/pages\/6357\/revisions\/6365"}],"wp:attachment":[{"href":"https:\/\/sender-liste.de\/tv-test\/wp-json\/wp\/v2\/media?parent=6357"}],"curies":[{"name":"wp","href":"https:\/\/api.w.org\/{rel}","templated":true}]}}