{"id":3966,"date":"2022-10-19T16:47:12","date_gmt":"2022-10-19T14:47:12","guid":{"rendered":"https:\/\/neu.digikabel.at\/?page_id=3966"},"modified":"2025-05-19T16:33:48","modified_gmt":"2025-05-19T14:33:48","slug":"partner","status":"publish","type":"page","link":"https:\/\/sender-liste.de\/tv-test\/partner\/","title":{"rendered":"Partner"},"content":{"rendered":"\t\t<div data-elementor-type=\"wp-page\" data-elementor-id=\"3966\" class=\"elementor elementor-3966\">\n\t\t\t\t\t\t<section class=\"elementor-section elementor-top-section elementor-element elementor-element-7a81efd elementor-section-content-middle elementor-section-boxed elementor-section-height-default elementor-section-height-default xts-section-disabled\" data-id=\"7a81efd\" data-element_type=\"section\" data-e-type=\"section\">\n\t\t\t\t\t\t<div class=\"elementor-container elementor-column-gap-default\">\n\t\t\t\t\t<div class=\"elementor-column elementor-col-33 elementor-top-column elementor-element elementor-element-fd3ead4\" data-id=\"fd3ead4\" data-element_type=\"column\" data-e-type=\"column\">\n\t\t\t<div class=\"elementor-widget-wrap elementor-element-populated\">\n\t\t\t\t\t\t<div class=\"elementor-element elementor-element-96a591b elementor-widget elementor-widget-xts_image\" data-id=\"96a591b\" data-element_type=\"widget\" data-e-type=\"widget\" data-widget_type=\"xts_image.default\">\n\t\t\t\t<div class=\"elementor-widget-container\">\n\t\t\t\t\t\t\t\t<div class=\"xts-image-single xts-textalign-center\">\n\t\t\t\t<figure class=\"xts-image\">\n\t\t\t\t\t\t\t\t\t\t\t<a  href=\"https:\/\/www.tv-module-shop.at\/\" class=\"xts-image-inner\">\n\t\t\t\t\t\n\t\t\t\t\t\t<img fetchpriority=\"high\" decoding=\"async\" width=\"300\" height=\"300\" src=\"https:\/\/sender-liste.de\/tv-test\/wp-content\/uploads\/2022\/10\/tv_module_shop_logo-300x300.jpg\" class=\"attachment-medium size-medium wp-image-3992\" alt=\"\" \/>\n\t\t\t\t\t\t\t\t\t\t\t<\/a>\n\t\t\t\t\t\n\t\t\t\t\t\t\t\t\t<\/figure>\n\n\t\t\t\t\t\t\t<\/div>\n\t\t\t\t\t\t<\/div>\n\t\t\t\t<\/div>\n\t\t\t\t\t<\/div>\n\t\t<\/div>\n\t\t\t\t<div class=\"elementor-column elementor-col-66 elementor-top-column elementor-element elementor-element-860b484\" data-id=\"860b484\" data-element_type=\"column\" data-e-type=\"column\">\n\t\t\t<div class=\"elementor-widget-wrap elementor-element-populated\">\n\t\t\t\t\t\t<div class=\"elementor-element elementor-element-d9d92e4 xts-scheme-inherit xts-textalign-inherit elementor-widget elementor-widget-text-editor\" data-id=\"d9d92e4\" data-element_type=\"widget\" data-e-type=\"widget\" data-widget_type=\"text-editor.default\">\n\t\t\t\t<div class=\"elementor-widget-container\">\n\t\t\t\t\t\t\t\t\t<h4>Der Shop f\u00fcr alle relevanten TV Module auf dem \u00d6sterreichischen Markt.\u00a0<\/h4>\t\t\t\t\t\t\t\t<\/div>\n\t\t\t\t<\/div>\n\t\t\t\t\t<\/div>\n\t\t<\/div>\n\t\t\t\t\t<\/div>\n\t\t<\/section>\n\t\t\t\t<section class=\"elementor-section elementor-top-section elementor-element elementor-element-af3eb28 elementor-section-boxed elementor-section-height-default elementor-section-height-default xts-section-disabled\" data-id=\"af3eb28\" data-element_type=\"section\" data-e-type=\"section\">\n\t\t\t\t\t\t<div class=\"elementor-container elementor-column-gap-default\">\n\t\t\t\t\t<div class=\"elementor-column elementor-col-100 elementor-top-column elementor-element elementor-element-e4f7935\" data-id=\"e4f7935\" data-element_type=\"column\" data-e-type=\"column\">\n\t\t\t<div class=\"elementor-widget-wrap elementor-element-populated\">\n\t\t\t\t\t\t<div class=\"elementor-element elementor-element-b2da40f elementor-widget-divider--view-line elementor-widget elementor-widget-divider\" data-id=\"b2da40f\" data-element_type=\"widget\" data-e-type=\"widget\" data-widget_type=\"divider.default\">\n\t\t\t\t<div class=\"elementor-widget-container\">\n\t\t\t\t\t\t\t<div class=\"elementor-divider\">\n\t\t\t<span class=\"elementor-divider-separator\">\n\t\t\t\t\t\t<\/span>\n\t\t<\/div>\n\t\t\t\t\t\t<\/div>\n\t\t\t\t<\/div>\n\t\t\t\t\t<\/div>\n\t\t<\/div>\n\t\t\t\t\t<\/div>\n\t\t<\/section>\n\t\t\t\t<section class=\"elementor-section elementor-top-section elementor-element elementor-element-64d7a73 elementor-section-content-middle elementor-section-boxed elementor-section-height-default elementor-section-height-default xts-section-disabled\" data-id=\"64d7a73\" data-element_type=\"section\" data-e-type=\"section\">\n\t\t\t\t\t\t<div class=\"elementor-container elementor-column-gap-default\">\n\t\t\t\t\t<div class=\"elementor-column elementor-col-33 elementor-top-column elementor-element elementor-element-0f2d5ea\" data-id=\"0f2d5ea\" data-element_type=\"column\" data-e-type=\"column\">\n\t\t\t<div class=\"elementor-widget-wrap elementor-element-populated\">\n\t\t\t\t\t\t<div class=\"elementor-element elementor-element-683dea9 elementor-widget elementor-widget-xts_image\" data-id=\"683dea9\" data-element_type=\"widget\" data-e-type=\"widget\" data-widget_type=\"xts_image.default\">\n\t\t\t\t<div class=\"elementor-widget-container\">\n\t\t\t\t\t\t\t\t<div class=\"xts-image-single xts-textalign-center\">\n\t\t\t\t<figure class=\"xts-image\">\n\t\t\t\t\t\t\t\t\t\t\t<a  href=\"https:\/\/sender-liste.de\/\" class=\"xts-image-inner\">\n\t\t\t\t\t\n\t\t\t\t\t\t<img decoding=\"async\" width=\"300\" height=\"300\" src=\"https:\/\/sender-liste.de\/tv-test\/wp-content\/uploads\/2022\/10\/senderliste_logo-300x300.jpg\" class=\"attachment-medium size-medium wp-image-3995\" alt=\"\" \/>\n\t\t\t\t\t\t\t\t\t\t\t<\/a>\n\t\t\t\t\t\n\t\t\t\t\t\t\t\t\t<\/figure>\n\n\t\t\t\t\t\t\t<\/div>\n\t\t\t\t\t\t<\/div>\n\t\t\t\t<\/div>\n\t\t\t\t\t<\/div>\n\t\t<\/div>\n\t\t\t\t<div class=\"elementor-column elementor-col-66 elementor-top-column elementor-element elementor-element-738b624\" data-id=\"738b624\" data-element_type=\"column\" data-e-type=\"column\">\n\t\t\t<div class=\"elementor-widget-wrap elementor-element-populated\">\n\t\t\t\t\t\t<div class=\"elementor-element elementor-element-4a8a0d7 xts-scheme-inherit xts-textalign-inherit elementor-widget elementor-widget-text-editor\" data-id=\"4a8a0d7\" data-element_type=\"widget\" data-e-type=\"widget\" data-widget_type=\"text-editor.default\">\n\t\t\t\t<div class=\"elementor-widget-container\">\n\t\t\t\t\t\t\t\t\t<h4>Immer aktuelle Programme mit einem USB-Stick auf das TV Ger\u00e4t, oder den Receiver \u00fcberspielen.\u00a0<br \/>F\u00dcR DEUTSCHLAND<\/h4>\t\t\t\t\t\t\t\t<\/div>\n\t\t\t\t<\/div>\n\t\t\t\t\t<\/div>\n\t\t<\/div>\n\t\t\t\t\t<\/div>\n\t\t<\/section>\n\t\t\t\t<section class=\"elementor-section elementor-top-section elementor-element elementor-element-1885aeb elementor-section-content-middle elementor-section-boxed elementor-section-height-default elementor-section-height-default xts-section-disabled\" data-id=\"1885aeb\" data-element_type=\"section\" data-e-type=\"section\">\n\t\t\t\t\t\t<div class=\"elementor-container elementor-column-gap-default\">\n\t\t\t\t\t<div class=\"elementor-column elementor-col-33 elementor-top-column elementor-element elementor-element-d6e5ad8\" data-id=\"d6e5ad8\" data-element_type=\"column\" data-e-type=\"column\">\n\t\t\t<div class=\"elementor-widget-wrap elementor-element-populated\">\n\t\t\t\t\t\t<div class=\"elementor-element elementor-element-c1b69e4 elementor-widget elementor-widget-xts_image\" data-id=\"c1b69e4\" data-element_type=\"widget\" data-e-type=\"widget\" data-widget_type=\"xts_image.default\">\n\t\t\t\t<div class=\"elementor-widget-container\">\n\t\t\t\t\t\t\t\t<div class=\"xts-image-single xts-textalign-center\">\n\t\t\t\t<figure class=\"xts-image\">\n\t\t\t\t\t\t\t\t\t\t\t<a  href=\"https:\/\/www.fernsehliste.at\/\" class=\"xts-image-inner\">\n\t\t\t\t\t\n\t\t\t\t\t\t<img decoding=\"async\" width=\"300\" height=\"300\" src=\"https:\/\/sender-liste.de\/tv-test\/wp-content\/uploads\/2022\/10\/fernsehliste_logo-300x300.jpg\" class=\"attachment-medium size-medium wp-image-3994\" alt=\"\" \/>\n\t\t\t\t\t\t\t\t\t\t\t<\/a>\n\t\t\t\t\t\n\t\t\t\t\t\t\t\t\t<\/figure>\n\n\t\t\t\t\t\t\t<\/div>\n\t\t\t\t\t\t<\/div>\n\t\t\t\t<\/div>\n\t\t\t\t\t<\/div>\n\t\t<\/div>\n\t\t\t\t<div class=\"elementor-column elementor-col-66 elementor-top-column elementor-element elementor-element-afbbd89\" data-id=\"afbbd89\" data-element_type=\"column\" data-e-type=\"column\">\n\t\t\t<div class=\"elementor-widget-wrap elementor-element-populated\">\n\t\t\t\t\t\t<div class=\"elementor-element elementor-element-396cd99 xts-scheme-inherit xts-textalign-inherit elementor-widget elementor-widget-text-editor\" data-id=\"396cd99\" data-element_type=\"widget\" data-e-type=\"widget\" data-widget_type=\"text-editor.default\">\n\t\t\t\t<div class=\"elementor-widget-container\">\n\t\t\t\t\t\t\t\t\t<h4>Immer aktuelle Programme mit einem USB-Stick auf das TV Ger\u00e4t, oder den Receiver \u00fcberspielen.\u00a0<br \/>F\u00dcR \u00d6STERREICH<\/h4>\t\t\t\t\t\t\t\t<\/div>\n\t\t\t\t<\/div>\n\t\t\t\t\t<\/div>\n\t\t<\/div>\n\t\t\t\t\t<\/div>\n\t\t<\/section>\n\t\t\t\t<section class=\"elementor-section elementor-top-section elementor-element elementor-element-db19b5d elementor-section-content-middle elementor-section-boxed elementor-section-height-default elementor-section-height-default xts-section-disabled\" data-id=\"db19b5d\" data-element_type=\"section\" data-e-type=\"section\">\n\t\t\t\t\t\t<div class=\"elementor-container elementor-column-gap-default\">\n\t\t\t\t\t<div class=\"elementor-column elementor-col-33 elementor-top-column elementor-element elementor-element-009e13d\" data-id=\"009e13d\" data-element_type=\"column\" data-e-type=\"column\">\n\t\t\t<div class=\"elementor-widget-wrap elementor-element-populated\">\n\t\t\t\t\t\t<div class=\"elementor-element elementor-element-801934d elementor-widget elementor-widget-xts_image\" data-id=\"801934d\" data-element_type=\"widget\" data-e-type=\"widget\" data-widget_type=\"xts_image.default\">\n\t\t\t\t<div class=\"elementor-widget-container\">\n\t\t\t\t\t\t\t\t<div class=\"xts-image-single xts-textalign-center\">\n\t\t\t\t<figure class=\"xts-image\">\n\t\t\t\t\t\t\t\t\t\t\t<a  href=\"https:\/\/www.digikabel.at\/\" class=\"xts-image-inner\">\n\t\t\t\t\t\n\t\t\t\t\t\t<img loading=\"lazy\" decoding=\"async\" width=\"300\" height=\"300\" src=\"https:\/\/sender-liste.de\/tv-test\/wp-content\/uploads\/2025\/05\/Digikabel_fin-300x300.jpg\" class=\"attachment-thumbnail size-thumbnail wp-image-6326\" alt=\"\" srcset=\"https:\/\/sender-liste.de\/tv-test\/wp-content\/uploads\/2025\/05\/Digikabel_fin-300x300.jpg 300w, https:\/\/sender-liste.de\/tv-test\/wp-content\/uploads\/2025\/05\/Digikabel_fin-1000x1000.jpg 1000w, https:\/\/sender-liste.de\/tv-test\/wp-content\/uploads\/2025\/05\/Digikabel_fin-768x768.jpg 768w, https:\/\/sender-liste.de\/tv-test\/wp-content\/uploads\/2025\/05\/Digikabel_fin-1536x1536.jpg 1536w, https:\/\/sender-liste.de\/tv-test\/wp-content\/uploads\/2025\/05\/Digikabel_fin-1320x1320.jpg 1320w, https:\/\/sender-liste.de\/tv-test\/wp-content\/uploads\/2025\/05\/Digikabel_fin-400x400.jpg 400w, https:\/\/sender-liste.de\/tv-test\/wp-content\/uploads\/2025\/05\/Digikabel_fin.jpg 1892w\" sizes=\"(max-width: 300px) 100vw, 300px\" \/>\n\t\t\t\t\t\t\t\t\t\t\t<\/a>\n\t\t\t\t\t\n\t\t\t\t\t\t\t\t\t<\/figure>\n\n\t\t\t\t\t\t\t<\/div>\n\t\t\t\t\t\t<\/div>\n\t\t\t\t<\/div>\n\t\t\t\t\t<\/div>\n\t\t<\/div>\n\t\t\t\t<div class=\"elementor-column elementor-col-66 elementor-top-column elementor-element elementor-element-53621d2\" data-id=\"53621d2\" data-element_type=\"column\" data-e-type=\"column\">\n\t\t\t<div class=\"elementor-widget-wrap elementor-element-populated\">\n\t\t\t\t\t\t<div class=\"elementor-element elementor-element-31f9e18 xts-scheme-inherit xts-textalign-inherit elementor-widget elementor-widget-text-editor\" data-id=\"31f9e18\" data-element_type=\"widget\" data-e-type=\"widget\" data-widget_type=\"text-editor.default\">\n\t\t\t\t<div class=\"elementor-widget-container\">\n\t\t\t\t\t\t\t\t\t<h4>Digikabel Shop. Der Shop f\u00fcr Empfangsger\u00e4te wie Receiver, Projektoren, Streaming Boxen und Sticks, E-Scooter und StaubsaugerEntschl\u00fcsselung und Anmeldung bei ORF DIGITAL DIREKT.\u00a0<\/h4>\t\t\t\t\t\t\t\t<\/div>\n\t\t\t\t<\/div>\n\t\t\t\t\t<\/div>\n\t\t<\/div>\n\t\t\t\t\t<\/div>\n\t\t<\/section>\n\t\t\t\t<section class=\"elementor-section elementor-top-section elementor-element elementor-element-4d4cf8f elementor-section-content-middle elementor-section-boxed elementor-section-height-default elementor-section-height-default xts-section-disabled\" data-id=\"4d4cf8f\" data-element_type=\"section\" data-e-type=\"section\">\n\t\t\t\t\t\t<div class=\"elementor-container elementor-column-gap-default\">\n\t\t\t\t\t<div class=\"elementor-column elementor-col-33 elementor-top-column elementor-element elementor-element-3984dd5\" data-id=\"3984dd5\" data-element_type=\"column\" data-e-type=\"column\">\n\t\t\t<div class=\"elementor-widget-wrap elementor-element-populated\">\n\t\t\t\t\t\t<div class=\"elementor-element elementor-element-357d3a1 elementor-widget elementor-widget-xts_image\" data-id=\"357d3a1\" data-element_type=\"widget\" data-e-type=\"widget\" data-widget_type=\"xts_image.default\">\n\t\t\t\t<div class=\"elementor-widget-container\">\n\t\t\t\t\t\t\t\t<div class=\"xts-image-single xts-textalign-center\">\n\t\t\t\t<figure class=\"xts-image\">\n\t\t\t\t\t\t\t\t\t\t\t<a  href=\"https:\/\/tvplus-shop.com\/\" class=\"xts-image-inner\">\n\t\t\t\t\t\n\t\t\t\t\t\t<img loading=\"lazy\" decoding=\"async\" width=\"294\" height=\"300\" src=\"https:\/\/sender-liste.de\/tv-test\/wp-content\/uploads\/2025\/05\/TVplusShop_Logo_quadrat-294x300.jpg\" class=\"attachment-medium size-medium wp-image-6328\" alt=\"\" srcset=\"https:\/\/sender-liste.de\/tv-test\/wp-content\/uploads\/2025\/05\/TVplusShop_Logo_quadrat-294x300.jpg 294w, https:\/\/sender-liste.de\/tv-test\/wp-content\/uploads\/2025\/05\/TVplusShop_Logo_quadrat-768x783.jpg 768w, https:\/\/sender-liste.de\/tv-test\/wp-content\/uploads\/2025\/05\/TVplusShop_Logo_quadrat-400x408.jpg 400w, https:\/\/sender-liste.de\/tv-test\/wp-content\/uploads\/2025\/05\/TVplusShop_Logo_quadrat.jpg 834w\" sizes=\"(max-width: 294px) 100vw, 294px\" \/>\n\t\t\t\t\t\t\t\t\t\t\t<\/a>\n\t\t\t\t\t\n\t\t\t\t\t\t\t\t\t<\/figure>\n\n\t\t\t\t\t\t\t<\/div>\n\t\t\t\t\t\t<\/div>\n\t\t\t\t<\/div>\n\t\t\t\t\t<\/div>\n\t\t<\/div>\n\t\t\t\t<div class=\"elementor-column elementor-col-66 elementor-top-column elementor-element elementor-element-40028f4\" data-id=\"40028f4\" data-element_type=\"column\" data-e-type=\"column\">\n\t\t\t<div class=\"elementor-widget-wrap elementor-element-populated\">\n\t\t\t\t\t\t<div class=\"elementor-element elementor-element-0c7c6b6 xts-scheme-inherit xts-textalign-inherit elementor-widget elementor-widget-text-editor\" data-id=\"0c7c6b6\" data-element_type=\"widget\" data-e-type=\"widget\" data-widget_type=\"text-editor.default\">\n\t\t\t\t<div class=\"elementor-widget-container\">\n\t\t\t\t\t\t\t\t\t<h4>Alles rund ums Fernsehen.<\/h4>\t\t\t\t\t\t\t\t<\/div>\n\t\t\t\t<\/div>\n\t\t\t\t\t<\/div>\n\t\t<\/div>\n\t\t\t\t\t<\/div>\n\t\t<\/section>\n\t\t\t\t<section class=\"elementor-section elementor-top-section elementor-element elementor-element-ec5fb27 elementor-section-boxed elementor-section-height-default elementor-section-height-default xts-section-disabled\" data-id=\"ec5fb27\" data-element_type=\"section\" data-e-type=\"section\">\n\t\t\t\t\t\t<div class=\"elementor-container elementor-column-gap-default\">\n\t\t\t\t\t<div class=\"elementor-column elementor-col-100 elementor-top-column elementor-element elementor-element-b3d9823\" data-id=\"b3d9823\" data-element_type=\"column\" data-e-type=\"column\">\n\t\t\t<div class=\"elementor-widget-wrap elementor-element-populated\">\n\t\t\t\t\t\t<div class=\"elementor-element elementor-element-9cc1a78 elementor-widget-divider--view-line elementor-widget elementor-widget-divider\" data-id=\"9cc1a78\" data-element_type=\"widget\" data-e-type=\"widget\" data-widget_type=\"divider.default\">\n\t\t\t\t<div class=\"elementor-widget-container\">\n\t\t\t\t\t\t\t<div class=\"elementor-divider\">\n\t\t\t<span class=\"elementor-divider-separator\">\n\t\t\t\t\t\t<\/span>\n\t\t<\/div>\n\t\t\t\t\t\t<\/div>\n\t\t\t\t<\/div>\n\t\t\t\t\t<\/div>\n\t\t<\/div>\n\t\t\t\t\t<\/div>\n\t\t<\/section>\n\t\t\t\t<\/div>\n\t\t","protected":false},"excerpt":{"rendered":"<p>Der Shop f\u00fcr alle relevanten TV Module auf dem \u00d6sterreichischen Markt.\u00a0 Immer aktuelle Programme mit einem USB-Stick auf das TV Ger\u00e4t, oder den Receiver \u00fcberspielen.\u00a0F\u00dcR DEUTSCHLAND Immer aktuelle Programme mit einem USB-Stick auf das TV Ger\u00e4t, oder den Receiver \u00fcberspielen.\u00a0F\u00dcR \u00d6STERREICH Digikabel Shop. Der Shop f\u00fcr Empfangsger\u00e4te wie Receiver, Projektoren, Streaming Boxen und Sticks, E-Scooter [&hellip;]<\/p>\n","protected":false},"author":1,"featured_media":0,"parent":0,"menu_order":0,"comment_status":"closed","ping_status":"closed","template":"","meta":{"footnotes":""},"class_list":["post-3966","page","type-page","status-publish","hentry"],"yoast_head":"<!-- This site is optimized with the Yoast SEO plugin v27.5 - https:\/\/yoast.com\/product\/yoast-seo-wordpress\/ -->\n<title>Partner - TV-Test Seite<\/title>\n<meta name=\"description\" content=\"Wir sind vernetzt mit anderen Online Shops und Unternehmen aus dem TV Bereich in \u00d6sterreich und Deutschland. Hier unsere Partner:\" \/>\n<meta name=\"robots\" content=\"index, follow, max-snippet:-1, max-image-preview:large, max-video-preview:-1\" \/>\n<link rel=\"canonical\" href=\"https:\/\/sender-liste.de\/tv-test\/partner\/\" \/>\n<meta property=\"og:locale\" content=\"de_DE\" \/>\n<meta property=\"og:type\" content=\"article\" \/>\n<meta property=\"og:title\" content=\"Partner - TV-Test Seite\" \/>\n<meta property=\"og:description\" content=\"Wir sind vernetzt mit anderen Online Shops und Unternehmen aus dem TV Bereich in \u00d6sterreich und Deutschland. Hier unsere Partner:\" \/>\n<meta property=\"og:url\" content=\"https:\/\/sender-liste.de\/tv-test\/partner\/\" \/>\n<meta property=\"og:site_name\" content=\"TV-Test Seite\" \/>\n<meta property=\"article:modified_time\" content=\"2025-05-19T14:33:48+00:00\" \/>\n<meta property=\"og:image\" content=\"https:\/\/sender-liste.de\/tv-test\/wp-content\/uploads\/2022\/10\/tv_module_shop_logo.jpg\" \/>\n\t<meta property=\"og:image:width\" content=\"300\" \/>\n\t<meta property=\"og:image:height\" content=\"300\" \/>\n\t<meta property=\"og:image:type\" content=\"image\/jpeg\" \/>\n<meta name=\"twitter:card\" content=\"summary_large_image\" \/>\n<meta name=\"twitter:label1\" content=\"Gesch\u00e4tzte Lesezeit\" \/>\n\t<meta name=\"twitter:data1\" content=\"2\u00a0Minuten\" \/>\n<script type=\"application\/ld+json\" class=\"yoast-schema-graph\">{\"@context\":\"https:\\\/\\\/schema.org\",\"@graph\":[{\"@type\":\"WebPage\",\"@id\":\"https:\\\/\\\/sender-liste.de\\\/tv-test\\\/partner\\\/\",\"url\":\"https:\\\/\\\/sender-liste.de\\\/tv-test\\\/partner\\\/\",\"name\":\"Partner - TV-Test Seite\",\"isPartOf\":{\"@id\":\"https:\\\/\\\/sender-liste.de\\\/tv-test\\\/#website\"},\"primaryImageOfPage\":{\"@id\":\"https:\\\/\\\/sender-liste.de\\\/tv-test\\\/partner\\\/#primaryimage\"},\"image\":{\"@id\":\"https:\\\/\\\/sender-liste.de\\\/tv-test\\\/partner\\\/#primaryimage\"},\"thumbnailUrl\":\"https:\\\/\\\/sender-liste.de\\\/tv-test\\\/wp-content\\\/uploads\\\/2022\\\/10\\\/tv_module_shop_logo-300x300.jpg\",\"datePublished\":\"2022-10-19T14:47:12+00:00\",\"dateModified\":\"2025-05-19T14:33:48+00:00\",\"description\":\"Wir sind vernetzt mit anderen Online Shops und Unternehmen aus dem TV Bereich in \u00d6sterreich und Deutschland. Hier unsere Partner:\",\"breadcrumb\":{\"@id\":\"https:\\\/\\\/sender-liste.de\\\/tv-test\\\/partner\\\/#breadcrumb\"},\"inLanguage\":\"de\",\"potentialAction\":[{\"@type\":\"ReadAction\",\"target\":[\"https:\\\/\\\/sender-liste.de\\\/tv-test\\\/partner\\\/\"]}]},{\"@type\":\"ImageObject\",\"inLanguage\":\"de\",\"@id\":\"https:\\\/\\\/sender-liste.de\\\/tv-test\\\/partner\\\/#primaryimage\",\"url\":\"https:\\\/\\\/sender-liste.de\\\/tv-test\\\/wp-content\\\/uploads\\\/2022\\\/10\\\/tv_module_shop_logo.jpg\",\"contentUrl\":\"https:\\\/\\\/sender-liste.de\\\/tv-test\\\/wp-content\\\/uploads\\\/2022\\\/10\\\/tv_module_shop_logo.jpg\",\"width\":300,\"height\":300},{\"@type\":\"BreadcrumbList\",\"@id\":\"https:\\\/\\\/sender-liste.de\\\/tv-test\\\/partner\\\/#breadcrumb\",\"itemListElement\":[{\"@type\":\"ListItem\",\"position\":1,\"name\":\"Startseite\",\"item\":\"https:\\\/\\\/sender-liste.de\\\/tv-test\\\/\"},{\"@type\":\"ListItem\",\"position\":2,\"name\":\"Partner\"}]},{\"@type\":\"WebSite\",\"@id\":\"https:\\\/\\\/sender-liste.de\\\/tv-test\\\/#website\",\"url\":\"https:\\\/\\\/sender-liste.de\\\/tv-test\\\/\",\"name\":\"TV-Test Seite\",\"description\":\"Sender-Liste.de\",\"publisher\":{\"@id\":\"https:\\\/\\\/sender-liste.de\\\/tv-test\\\/#organization\"},\"potentialAction\":[{\"@type\":\"SearchAction\",\"target\":{\"@type\":\"EntryPoint\",\"urlTemplate\":\"https:\\\/\\\/sender-liste.de\\\/tv-test\\\/?s={search_term_string}\"},\"query-input\":{\"@type\":\"PropertyValueSpecification\",\"valueRequired\":true,\"valueName\":\"search_term_string\"}}],\"inLanguage\":\"de\"},{\"@type\":\"Organization\",\"@id\":\"https:\\\/\\\/sender-liste.de\\\/tv-test\\\/#organization\",\"name\":\"Digikabel\",\"url\":\"https:\\\/\\\/sender-liste.de\\\/tv-test\\\/\",\"logo\":{\"@type\":\"ImageObject\",\"inLanguage\":\"de\",\"@id\":\"https:\\\/\\\/sender-liste.de\\\/tv-test\\\/#\\\/schema\\\/logo\\\/image\\\/\",\"url\":\"https:\\\/\\\/digikabel.at\\\/wp-content\\\/uploads\\\/2022\\\/04\\\/cropped-Digikabel_fin.jpg\",\"contentUrl\":\"https:\\\/\\\/digikabel.at\\\/wp-content\\\/uploads\\\/2022\\\/04\\\/cropped-Digikabel_fin.jpg\",\"width\":512,\"height\":512,\"caption\":\"Digikabel\"},\"image\":{\"@id\":\"https:\\\/\\\/sender-liste.de\\\/tv-test\\\/#\\\/schema\\\/logo\\\/image\\\/\"}}]}<\/script>\n<!-- \/ Yoast SEO plugin. -->","yoast_head_json":{"title":"Partner - TV-Test Seite","description":"Wir sind vernetzt mit anderen Online Shops und Unternehmen aus dem TV Bereich in \u00d6sterreich und Deutschland. Hier unsere Partner:","robots":{"index":"index","follow":"follow","max-snippet":"max-snippet:-1","max-image-preview":"max-image-preview:large","max-video-preview":"max-video-preview:-1"},"canonical":"https:\/\/sender-liste.de\/tv-test\/partner\/","og_locale":"de_DE","og_type":"article","og_title":"Partner - TV-Test Seite","og_description":"Wir sind vernetzt mit anderen Online Shops und Unternehmen aus dem TV Bereich in \u00d6sterreich und Deutschland. Hier unsere Partner:","og_url":"https:\/\/sender-liste.de\/tv-test\/partner\/","og_site_name":"TV-Test Seite","article_modified_time":"2025-05-19T14:33:48+00:00","og_image":[{"width":300,"height":300,"url":"https:\/\/sender-liste.de\/tv-test\/wp-content\/uploads\/2022\/10\/tv_module_shop_logo.jpg","type":"image\/jpeg"}],"twitter_card":"summary_large_image","twitter_misc":{"Gesch\u00e4tzte Lesezeit":"2\u00a0Minuten"},"schema":{"@context":"https:\/\/schema.org","@graph":[{"@type":"WebPage","@id":"https:\/\/sender-liste.de\/tv-test\/partner\/","url":"https:\/\/sender-liste.de\/tv-test\/partner\/","name":"Partner - TV-Test Seite","isPartOf":{"@id":"https:\/\/sender-liste.de\/tv-test\/#website"},"primaryImageOfPage":{"@id":"https:\/\/sender-liste.de\/tv-test\/partner\/#primaryimage"},"image":{"@id":"https:\/\/sender-liste.de\/tv-test\/partner\/#primaryimage"},"thumbnailUrl":"https:\/\/sender-liste.de\/tv-test\/wp-content\/uploads\/2022\/10\/tv_module_shop_logo-300x300.jpg","datePublished":"2022-10-19T14:47:12+00:00","dateModified":"2025-05-19T14:33:48+00:00","description":"Wir sind vernetzt mit anderen Online Shops und Unternehmen aus dem TV Bereich in \u00d6sterreich und Deutschland. Hier unsere Partner:","breadcrumb":{"@id":"https:\/\/sender-liste.de\/tv-test\/partner\/#breadcrumb"},"inLanguage":"de","potentialAction":[{"@type":"ReadAction","target":["https:\/\/sender-liste.de\/tv-test\/partner\/"]}]},{"@type":"ImageObject","inLanguage":"de","@id":"https:\/\/sender-liste.de\/tv-test\/partner\/#primaryimage","url":"https:\/\/sender-liste.de\/tv-test\/wp-content\/uploads\/2022\/10\/tv_module_shop_logo.jpg","contentUrl":"https:\/\/sender-liste.de\/tv-test\/wp-content\/uploads\/2022\/10\/tv_module_shop_logo.jpg","width":300,"height":300},{"@type":"BreadcrumbList","@id":"https:\/\/sender-liste.de\/tv-test\/partner\/#breadcrumb","itemListElement":[{"@type":"ListItem","position":1,"name":"Startseite","item":"https:\/\/sender-liste.de\/tv-test\/"},{"@type":"ListItem","position":2,"name":"Partner"}]},{"@type":"WebSite","@id":"https:\/\/sender-liste.de\/tv-test\/#website","url":"https:\/\/sender-liste.de\/tv-test\/","name":"TV-Test Seite","description":"Sender-Liste.de","publisher":{"@id":"https:\/\/sender-liste.de\/tv-test\/#organization"},"potentialAction":[{"@type":"SearchAction","target":{"@type":"EntryPoint","urlTemplate":"https:\/\/sender-liste.de\/tv-test\/?s={search_term_string}"},"query-input":{"@type":"PropertyValueSpecification","valueRequired":true,"valueName":"search_term_string"}}],"inLanguage":"de"},{"@type":"Organization","@id":"https:\/\/sender-liste.de\/tv-test\/#organization","name":"Digikabel","url":"https:\/\/sender-liste.de\/tv-test\/","logo":{"@type":"ImageObject","inLanguage":"de","@id":"https:\/\/sender-liste.de\/tv-test\/#\/schema\/logo\/image\/","url":"https:\/\/digikabel.at\/wp-content\/uploads\/2022\/04\/cropped-Digikabel_fin.jpg","contentUrl":"https:\/\/digikabel.at\/wp-content\/uploads\/2022\/04\/cropped-Digikabel_fin.jpg","width":512,"height":512,"caption":"Digikabel"},"image":{"@id":"https:\/\/sender-liste.de\/tv-test\/#\/schema\/logo\/image\/"}}]}},"jetpack_sharing_enabled":true,"_links":{"self":[{"href":"https:\/\/sender-liste.de\/tv-test\/wp-json\/wp\/v2\/pages\/3966","targetHints":{"allow":["GET"]}}],"collection":[{"href":"https:\/\/sender-liste.de\/tv-test\/wp-json\/wp\/v2\/pages"}],"about":[{"href":"https:\/\/sender-liste.de\/tv-test\/wp-json\/wp\/v2\/types\/page"}],"author":[{"embeddable":true,"href":"https:\/\/sender-liste.de\/tv-test\/wp-json\/wp\/v2\/users\/1"}],"replies":[{"embeddable":true,"href":"https:\/\/sender-liste.de\/tv-test\/wp-json\/wp\/v2\/comments?post=3966"}],"version-history":[{"count":10,"href":"https:\/\/sender-liste.de\/tv-test\/wp-json\/wp\/v2\/pages\/3966\/revisions"}],"predecessor-version":[{"id":6337,"href":"https:\/\/sender-liste.de\/tv-test\/wp-json\/wp\/v2\/pages\/3966\/revisions\/6337"}],"wp:attachment":[{"href":"https:\/\/sender-liste.de\/tv-test\/wp-json\/wp\/v2\/media?parent=3966"}],"curies":[{"name":"wp","href":"https:\/\/api.w.org\/{rel}","templated":true}]}}