{"id":3925,"date":"2022-10-18T18:11:58","date_gmt":"2022-10-18T16:11:58","guid":{"rendered":"https:\/\/neu.digikabel.at\/?page_id=3925"},"modified":"2025-05-19T16:11:19","modified_gmt":"2025-05-19T14:11:19","slug":"faq","status":"publish","type":"page","link":"https:\/\/sender-liste.de\/tv-test\/faq\/","title":{"rendered":"FAQ"},"content":{"rendered":"\t\t<div data-elementor-type=\"wp-page\" data-elementor-id=\"3925\" class=\"elementor elementor-3925\">\n\t\t\t\t\t\t<section class=\"elementor-section elementor-top-section elementor-element elementor-element-7964151 elementor-section-boxed elementor-section-height-default elementor-section-height-default xts-section-disabled\" data-id=\"7964151\" data-element_type=\"section\" data-e-type=\"section\">\n\t\t\t\t\t\t<div class=\"elementor-container elementor-column-gap-default\">\n\t\t\t\t\t<div class=\"elementor-column elementor-col-100 elementor-top-column elementor-element elementor-element-3246b6a\" data-id=\"3246b6a\" data-element_type=\"column\" data-e-type=\"column\">\n\t\t\t<div class=\"elementor-widget-wrap elementor-element-populated\">\n\t\t\t\t\t\t<div class=\"elementor-element elementor-element-5925f7d elementor-widget elementor-widget-heading\" data-id=\"5925f7d\" data-element_type=\"widget\" data-e-type=\"widget\" data-widget_type=\"heading.default\">\n\t\t\t\t<div class=\"elementor-widget-container\">\n\t\t\t\t\t<h2 class=\"elementor-heading-title elementor-size-default\">Bestellung und Versand<\/h2>\t\t\t\t<\/div>\n\t\t\t\t<\/div>\n\t\t\t\t\t<\/div>\n\t\t<\/div>\n\t\t\t\t\t<\/div>\n\t\t<\/section>\n\t\t\t\t<section class=\"elementor-section elementor-top-section elementor-element elementor-element-754ca3b elementor-section-boxed elementor-section-height-default elementor-section-height-default xts-section-disabled\" data-id=\"754ca3b\" data-element_type=\"section\" data-e-type=\"section\">\n\t\t\t\t\t\t<div class=\"elementor-container elementor-column-gap-default\">\n\t\t\t\t\t<div class=\"elementor-column elementor-col-100 elementor-top-column elementor-element elementor-element-5c0a903\" data-id=\"5c0a903\" data-element_type=\"column\" data-e-type=\"column\">\n\t\t\t<div class=\"elementor-widget-wrap elementor-element-populated\">\n\t\t\t\t\t\t<div class=\"elementor-element elementor-element-9f99cf1 elementor-widget elementor-widget-xts_accordion\" data-id=\"9f99cf1\" data-element_type=\"widget\" data-e-type=\"widget\" data-widget_type=\"xts_accordion.default\">\n\t\t\t\t<div class=\"elementor-widget-container\">\n\t\t\t\t\t\t\t<div class=\"xts-accordion xts-style-default\" data-toggle-self=\"yes\" data-state=\"first\">\n\t\t\t\t\t\t\t<div class=\"xts-accordion-item\">\n\t\t\t\t\t\n\t\t\t\t\t<div class=\"xts-accordion-title xts-textalign-left xts-icon-left xts-active\"\n\t\t\t\t\t\tdata-accordion-index=\"0\">\n\t\t\t\t\t\t<span class=\"xts-accordion-title-text\">Welche Zahlungsm\u00f6glichkeiten gibt es?<\/span>\n\t\t\t\t\t\t<span class=\"xts-accordion-icon xts-style-arrow\"><\/span>\n\t\t\t\t\t<\/div>\n\n\t\t\t\t\t<div class=\"xts-accordion-content xts-active elementor-repeater-item-abde38f xts-textalign-left\"\n\t\t\t\t\t\tdata-accordion-index=\"0\">\n\t\t\t\t\t\t\t\t\t\t\t\t\t<div class=\"xts-accordion-desc\"\n\t\t\t\t\t\t\t\tdata-elementor-setting-key=\"accordion_items.0.item_desc\">\n\t\t\t\t\t\t\t\tAuf unserem Shop bieten wir derzeit Vorkassa, Visa\/Mastercard, EPS und Paypal an.\t\t\t\t\t\t\t<\/div>\n\t\t\t\t\t\t\t\t\t\t\t<\/div>\n\t\t\t\t<\/div>\n\t\t\t\t\t\t\t<div class=\"xts-accordion-item\">\n\t\t\t\t\t\n\t\t\t\t\t<div class=\"xts-accordion-title xts-textalign-left xts-icon-left\"\n\t\t\t\t\t\tdata-accordion-index=\"1\">\n\t\t\t\t\t\t<span class=\"xts-accordion-title-text\">Wie lang dauert der Versand meiner Bestellung?<\/span>\n\t\t\t\t\t\t<span class=\"xts-accordion-icon xts-style-arrow\"><\/span>\n\t\t\t\t\t<\/div>\n\n\t\t\t\t\t<div class=\"xts-accordion-content elementor-repeater-item-026e1a6 xts-textalign-left\"\n\t\t\t\t\t\tdata-accordion-index=\"1\">\n\t\t\t\t\t\t\t\t\t\t\t\t\t<div class=\"xts-accordion-desc\"\n\t\t\t\t\t\t\t\tdata-elementor-setting-key=\"accordion_items.1.item_desc\">\n\t\t\t\t\t\t\t\tBis zur Versendung dauert es 1-3 Werktage. Ab dann \u00fcbernimmt die \u00d6sterreichische Post. Ihr Paket k\u00f6nnen sie \u00fcber die Paketverfolgung verfolgen.\t\t\t\t\t\t\t<\/div>\n\t\t\t\t\t\t\t\t\t\t\t<\/div>\n\t\t\t\t<\/div>\n\t\t\t\t\t\t\t<div class=\"xts-accordion-item\">\n\t\t\t\t\t\n\t\t\t\t\t<div class=\"xts-accordion-title xts-textalign-left xts-icon-left\"\n\t\t\t\t\t\tdata-accordion-index=\"2\">\n\t\t\t\t\t\t<span class=\"xts-accordion-title-text\">Gibt es Versandkosten?<\/span>\n\t\t\t\t\t\t<span class=\"xts-accordion-icon xts-style-arrow\"><\/span>\n\t\t\t\t\t<\/div>\n\n\t\t\t\t\t<div class=\"xts-accordion-content elementor-repeater-item-00b06d5 xts-textalign-left\"\n\t\t\t\t\t\tdata-accordion-index=\"2\">\n\t\t\t\t\t\t\t\t\t\t\t\t\t<div class=\"xts-accordion-desc\"\n\t\t\t\t\t\t\t\tdata-elementor-setting-key=\"accordion_items.2.item_desc\">\n\t\t\t\t\t\t\t\tInnerhalb \u00d6sterreichs fallen bei uns Versandkosten in der H\u00f6he von 4,90 Euro pro Bestellung an. \t\t\t\t\t\t\t<\/div>\n\t\t\t\t\t\t\t\t\t\t\t<\/div>\n\t\t\t\t<\/div>\n\t\t\t\t\t<\/div>\n\t\t\t\t\t\t<\/div>\n\t\t\t\t<\/div>\n\t\t\t\t\t<\/div>\n\t\t<\/div>\n\t\t\t\t\t<\/div>\n\t\t<\/section>\n\t\t\t\t<\/div>\n\t\t","protected":false},"excerpt":{"rendered":"<p>Bestellung und Versand Welche Zahlungsm\u00f6glichkeiten gibt es? Auf unserem Shop bieten wir derzeit Vorkassa, Visa\/Mastercard, EPS und Paypal an. Wie lang dauert der Versand meiner Bestellung? Bis zur Versendung dauert es 1-3 Werktage. Ab dann \u00fcbernimmt die \u00d6sterreichische Post. Ihr Paket k\u00f6nnen sie \u00fcber die Paketverfolgung verfolgen. Gibt es Versandkosten? Innerhalb \u00d6sterreichs fallen bei uns [&hellip;]<\/p>\n","protected":false},"author":1,"featured_media":0,"parent":0,"menu_order":0,"comment_status":"closed","ping_status":"closed","template":"","meta":{"footnotes":""},"class_list":["post-3925","page","type-page","status-publish","hentry"],"yoast_head":"<!-- This site is optimized with the Yoast SEO plugin v27.4 - https:\/\/yoast.com\/product\/yoast-seo-wordpress\/ -->\n<title>FAQ - TV-Test Seite<\/title>\n<meta name=\"description\" content=\"Fragen und Antworten zu den h\u00e4ufigst gestellten Fragen auf unserer Website.\" \/>\n<meta name=\"robots\" content=\"index, follow, max-snippet:-1, max-image-preview:large, max-video-preview:-1\" \/>\n<link rel=\"canonical\" href=\"https:\/\/sender-liste.de\/tv-test\/faq\/\" \/>\n<meta property=\"og:locale\" content=\"de_DE\" \/>\n<meta property=\"og:type\" content=\"article\" \/>\n<meta property=\"og:title\" content=\"FAQ - TV-Test Seite\" \/>\n<meta property=\"og:description\" content=\"Fragen und Antworten zu den h\u00e4ufigst gestellten Fragen auf unserer Website.\" \/>\n<meta property=\"og:url\" content=\"https:\/\/sender-liste.de\/tv-test\/faq\/\" \/>\n<meta property=\"og:site_name\" content=\"TV-Test Seite\" \/>\n<meta property=\"article:modified_time\" content=\"2025-05-19T14:11:19+00:00\" \/>\n<meta name=\"twitter:card\" content=\"summary_large_image\" \/>\n<meta name=\"twitter:label1\" content=\"Gesch\u00e4tzte Lesezeit\" \/>\n\t<meta name=\"twitter:data1\" content=\"1\u00a0Minute\" \/>\n<script type=\"application\/ld+json\" class=\"yoast-schema-graph\">{\"@context\":\"https:\\\/\\\/schema.org\",\"@graph\":[{\"@type\":\"WebPage\",\"@id\":\"https:\\\/\\\/sender-liste.de\\\/tv-test\\\/faq\\\/\",\"url\":\"https:\\\/\\\/sender-liste.de\\\/tv-test\\\/faq\\\/\",\"name\":\"FAQ - TV-Test Seite\",\"isPartOf\":{\"@id\":\"https:\\\/\\\/sender-liste.de\\\/tv-test\\\/#website\"},\"datePublished\":\"2022-10-18T16:11:58+00:00\",\"dateModified\":\"2025-05-19T14:11:19+00:00\",\"description\":\"Fragen und Antworten zu den h\u00e4ufigst gestellten Fragen auf unserer Website.\",\"breadcrumb\":{\"@id\":\"https:\\\/\\\/sender-liste.de\\\/tv-test\\\/faq\\\/#breadcrumb\"},\"inLanguage\":\"de\",\"potentialAction\":[{\"@type\":\"ReadAction\",\"target\":[\"https:\\\/\\\/sender-liste.de\\\/tv-test\\\/faq\\\/\"]}]},{\"@type\":\"BreadcrumbList\",\"@id\":\"https:\\\/\\\/sender-liste.de\\\/tv-test\\\/faq\\\/#breadcrumb\",\"itemListElement\":[{\"@type\":\"ListItem\",\"position\":1,\"name\":\"Startseite\",\"item\":\"https:\\\/\\\/sender-liste.de\\\/tv-test\\\/\"},{\"@type\":\"ListItem\",\"position\":2,\"name\":\"FAQ\"}]},{\"@type\":\"WebSite\",\"@id\":\"https:\\\/\\\/sender-liste.de\\\/tv-test\\\/#website\",\"url\":\"https:\\\/\\\/sender-liste.de\\\/tv-test\\\/\",\"name\":\"TV-Test Seite\",\"description\":\"Sender-Liste.de\",\"publisher\":{\"@id\":\"https:\\\/\\\/sender-liste.de\\\/tv-test\\\/#organization\"},\"potentialAction\":[{\"@type\":\"SearchAction\",\"target\":{\"@type\":\"EntryPoint\",\"urlTemplate\":\"https:\\\/\\\/sender-liste.de\\\/tv-test\\\/?s={search_term_string}\"},\"query-input\":{\"@type\":\"PropertyValueSpecification\",\"valueRequired\":true,\"valueName\":\"search_term_string\"}}],\"inLanguage\":\"de\"},{\"@type\":\"Organization\",\"@id\":\"https:\\\/\\\/sender-liste.de\\\/tv-test\\\/#organization\",\"name\":\"Digikabel\",\"url\":\"https:\\\/\\\/sender-liste.de\\\/tv-test\\\/\",\"logo\":{\"@type\":\"ImageObject\",\"inLanguage\":\"de\",\"@id\":\"https:\\\/\\\/sender-liste.de\\\/tv-test\\\/#\\\/schema\\\/logo\\\/image\\\/\",\"url\":\"https:\\\/\\\/digikabel.at\\\/wp-content\\\/uploads\\\/2022\\\/04\\\/cropped-Digikabel_fin.jpg\",\"contentUrl\":\"https:\\\/\\\/digikabel.at\\\/wp-content\\\/uploads\\\/2022\\\/04\\\/cropped-Digikabel_fin.jpg\",\"width\":512,\"height\":512,\"caption\":\"Digikabel\"},\"image\":{\"@id\":\"https:\\\/\\\/sender-liste.de\\\/tv-test\\\/#\\\/schema\\\/logo\\\/image\\\/\"}}]}<\/script>\n<!-- \/ Yoast SEO plugin. -->","yoast_head_json":{"title":"FAQ - TV-Test Seite","description":"Fragen und Antworten zu den h\u00e4ufigst gestellten Fragen auf unserer Website.","robots":{"index":"index","follow":"follow","max-snippet":"max-snippet:-1","max-image-preview":"max-image-preview:large","max-video-preview":"max-video-preview:-1"},"canonical":"https:\/\/sender-liste.de\/tv-test\/faq\/","og_locale":"de_DE","og_type":"article","og_title":"FAQ - TV-Test Seite","og_description":"Fragen und Antworten zu den h\u00e4ufigst gestellten Fragen auf unserer Website.","og_url":"https:\/\/sender-liste.de\/tv-test\/faq\/","og_site_name":"TV-Test Seite","article_modified_time":"2025-05-19T14:11:19+00:00","twitter_card":"summary_large_image","twitter_misc":{"Gesch\u00e4tzte Lesezeit":"1\u00a0Minute"},"schema":{"@context":"https:\/\/schema.org","@graph":[{"@type":"WebPage","@id":"https:\/\/sender-liste.de\/tv-test\/faq\/","url":"https:\/\/sender-liste.de\/tv-test\/faq\/","name":"FAQ - TV-Test Seite","isPartOf":{"@id":"https:\/\/sender-liste.de\/tv-test\/#website"},"datePublished":"2022-10-18T16:11:58+00:00","dateModified":"2025-05-19T14:11:19+00:00","description":"Fragen und Antworten zu den h\u00e4ufigst gestellten Fragen auf unserer Website.","breadcrumb":{"@id":"https:\/\/sender-liste.de\/tv-test\/faq\/#breadcrumb"},"inLanguage":"de","potentialAction":[{"@type":"ReadAction","target":["https:\/\/sender-liste.de\/tv-test\/faq\/"]}]},{"@type":"BreadcrumbList","@id":"https:\/\/sender-liste.de\/tv-test\/faq\/#breadcrumb","itemListElement":[{"@type":"ListItem","position":1,"name":"Startseite","item":"https:\/\/sender-liste.de\/tv-test\/"},{"@type":"ListItem","position":2,"name":"FAQ"}]},{"@type":"WebSite","@id":"https:\/\/sender-liste.de\/tv-test\/#website","url":"https:\/\/sender-liste.de\/tv-test\/","name":"TV-Test Seite","description":"Sender-Liste.de","publisher":{"@id":"https:\/\/sender-liste.de\/tv-test\/#organization"},"potentialAction":[{"@type":"SearchAction","target":{"@type":"EntryPoint","urlTemplate":"https:\/\/sender-liste.de\/tv-test\/?s={search_term_string}"},"query-input":{"@type":"PropertyValueSpecification","valueRequired":true,"valueName":"search_term_string"}}],"inLanguage":"de"},{"@type":"Organization","@id":"https:\/\/sender-liste.de\/tv-test\/#organization","name":"Digikabel","url":"https:\/\/sender-liste.de\/tv-test\/","logo":{"@type":"ImageObject","inLanguage":"de","@id":"https:\/\/sender-liste.de\/tv-test\/#\/schema\/logo\/image\/","url":"https:\/\/digikabel.at\/wp-content\/uploads\/2022\/04\/cropped-Digikabel_fin.jpg","contentUrl":"https:\/\/digikabel.at\/wp-content\/uploads\/2022\/04\/cropped-Digikabel_fin.jpg","width":512,"height":512,"caption":"Digikabel"},"image":{"@id":"https:\/\/sender-liste.de\/tv-test\/#\/schema\/logo\/image\/"}}]}},"jetpack_sharing_enabled":true,"_links":{"self":[{"href":"https:\/\/sender-liste.de\/tv-test\/wp-json\/wp\/v2\/pages\/3925","targetHints":{"allow":["GET"]}}],"collection":[{"href":"https:\/\/sender-liste.de\/tv-test\/wp-json\/wp\/v2\/pages"}],"about":[{"href":"https:\/\/sender-liste.de\/tv-test\/wp-json\/wp\/v2\/types\/page"}],"author":[{"embeddable":true,"href":"https:\/\/sender-liste.de\/tv-test\/wp-json\/wp\/v2\/users\/1"}],"replies":[{"embeddable":true,"href":"https:\/\/sender-liste.de\/tv-test\/wp-json\/wp\/v2\/comments?post=3925"}],"version-history":[{"count":10,"href":"https:\/\/sender-liste.de\/tv-test\/wp-json\/wp\/v2\/pages\/3925\/revisions"}],"predecessor-version":[{"id":6322,"href":"https:\/\/sender-liste.de\/tv-test\/wp-json\/wp\/v2\/pages\/3925\/revisions\/6322"}],"wp:attachment":[{"href":"https:\/\/sender-liste.de\/tv-test\/wp-json\/wp\/v2\/media?parent=3925"}],"curies":[{"name":"wp","href":"https:\/\/api.w.org\/{rel}","templated":true}]}}